{"id":42,"date":"2022-08-18T10:55:54","date_gmt":"2022-08-18T08:55:54","guid":{"rendered":"https:\/\/www.vinaharo.com\/?page_id=42"},"modified":"2023-06-19T11:48:28","modified_gmt":"2023-06-19T09:48:28","slug":"inicio","status":"publish","type":"page","link":"https:\/\/www.vinaharo.com\/en\/","title":{"rendered":"Home"},"content":{"rendered":"\t\t<div data-elementor-type=\"wp-page\" data-elementor-id=\"42\" class=\"elementor elementor-42\" data-elementor-post-type=\"page\">\n\t\t\t\t<div class=\"elementor-element elementor-element-5e8ebd2 e-con-full e-flex e-con e-parent\" data-id=\"5e8ebd2\" data-element_type=\"container\" data-e-type=\"container\" data-settings=\"{&quot;background_background&quot;:&quot;classic&quot;}\">\n\t\t<div class=\"elementor-element elementor-element-be1c3db e-con-full fc-container-equal e-flex elementor-invisible e-con e-parent\" data-id=\"be1c3db\" data-element_type=\"container\" data-e-type=\"container\" data-settings=\"{&quot;animation&quot;:&quot;fadeInRight&quot;,&quot;animation_delay&quot;:800,&quot;background_background&quot;:&quot;classic&quot;}\">\n\t\t\t\t<div class=\"elementor-element elementor-element-a9ffd26 elementor-hidden-widescreen elementor-hidden-desktop elementor-hidden-laptop elementor-hidden-tablet elementor-hidden-mobile elementor-widget elementor-widget-heading\" data-id=\"a9ffd26\" data-element_type=\"widget\" data-e-type=\"widget\" data-widget_type=\"heading.default\">\n\t\t\t\t<div class=\"elementor-widget-container\">\n\t\t\t\t\t<h2 class=\"elementor-heading-title elementor-size-default\">Vinagrer\u00edas de Haro<\/h2>\t\t\t\t<\/div>\n\t\t\t\t<\/div>\n\t\t\t\t<div class=\"elementor-element elementor-element-5af9aca elementor-widget elementor-widget-heading\" data-id=\"5af9aca\" data-element_type=\"widget\" data-e-type=\"widget\" data-widget_type=\"heading.default\">\n\t\t\t\t<div class=\"elementor-widget-container\">\n\t\t\t\t\t<div class=\"elementor-heading-title elementor-size-default\">\u201cElegir un Vinagre Artesano, es Arte y es Sano\u201d<\/div>\t\t\t\t<\/div>\n\t\t\t\t<\/div>\n\t\t\t\t<div class=\"elementor-element elementor-element-49d75bc elementor-widget elementor-widget-spacer\" data-id=\"49d75bc\" data-element_type=\"widget\" data-e-type=\"widget\" data-widget_type=\"spacer.default\">\n\t\t\t\t<div class=\"elementor-widget-container\">\n\t\t\t\t\t\t\t<div class=\"elementor-spacer\">\n\t\t\t<div class=\"elementor-spacer-inner\"><\/div>\n\t\t<\/div>\n\t\t\t\t\t\t<\/div>\n\t\t\t\t<\/div>\n\t\t\t\t<div class=\"elementor-element elementor-element-af41288 elementor-align-center fc-boton-filled elementor-widget elementor-widget-button\" data-id=\"af41288\" data-element_type=\"widget\" data-e-type=\"widget\" data-widget_type=\"button.default\">\n\t\t\t\t<div class=\"elementor-widget-container\">\n\t\t\t\t\t\t\t\t\t<div class=\"elementor-button-wrapper\">\n\t\t\t\t\t<a class=\"elementor-button elementor-button-link elementor-size-md\" href=\"https:\/\/www.vinaharo.com\/productos\/\">\n\t\t\t\t\t\t<span class=\"elementor-button-content-wrapper\">\n\t\t\t\t\t\t\t\t\t<span class=\"elementor-button-text\">Ver productos<\/span>\n\t\t\t\t\t<\/span>\n\t\t\t\t\t<\/a>\n\t\t\t\t<\/div>\n\t\t\t\t\t\t\t\t<\/div>\n\t\t\t\t<\/div>\n\t\t\t\t<\/div>\n\t\t\t\t<\/div>\n\t\t<div class=\"elementor-element elementor-element-ea748f7 e-con-full fc-container-padding e-flex e-con e-parent\" data-id=\"ea748f7\" data-element_type=\"container\" data-e-type=\"container\" data-settings=\"{&quot;background_background&quot;:&quot;classic&quot;}\">\n\t\t<div class=\"elementor-element elementor-element-684c805 e-flex e-con-boxed e-con e-parent\" data-id=\"684c805\" data-element_type=\"container\" data-e-type=\"container\">\n\t\t\t\t\t<div class=\"e-con-inner\">\n\t\t<div class=\"elementor-element elementor-element-ad370e5 fc-container-col e-flex e-con-boxed e-con e-parent\" data-id=\"ad370e5\" data-element_type=\"container\" data-e-type=\"container\">\n\t\t\t\t\t<div class=\"e-con-inner\">\n\t\t\t\t<div class=\"elementor-element elementor-element-9c407eb elementor-widget elementor-widget-heading\" data-id=\"9c407eb\" data-element_type=\"widget\" data-e-type=\"widget\" data-widget_type=\"heading.default\">\n\t\t\t\t<div class=\"elementor-widget-container\">\n\t\t\t\t\t<div class=\"elementor-heading-title elementor-size-default\">Certificaci\u00f3n ISO, garant\u00eda de calidad<\/div>\t\t\t\t<\/div>\n\t\t\t\t<\/div>\n\t\t\t\t<div class=\"elementor-element elementor-element-d453a9c elementor-widget elementor-widget-heading\" data-id=\"d453a9c\" data-element_type=\"widget\" data-e-type=\"widget\" data-widget_type=\"heading.default\">\n\t\t\t\t<div class=\"elementor-widget-container\">\n\t\t\t\t\t<h1 class=\"elementor-heading-title elementor-size-default\">El vinagre, pasi\u00f3n de generaciones<\/h1>\t\t\t\t<\/div>\n\t\t\t\t<\/div>\n\t\t\t\t<div class=\"elementor-element elementor-element-20d744d elementor-widget elementor-widget-text-editor\" data-id=\"20d744d\" data-element_type=\"widget\" data-e-type=\"widget\" data-widget_type=\"text-editor.default\">\n\t\t\t\t<div class=\"elementor-widget-container\">\n\t\t\t\t\t\t\t\t\t<p>El saber hacer heredado generaci\u00f3n tras generaci\u00f3n en Vinagrer\u00edas de Haro y nuestra gran dedicaci\u00f3n nos\u00a0 ha llevado a ser la empresa l\u00edder en la elaboraci\u00f3n de vinagres de vino de alta calidad.<\/p>\t\t\t\t\t\t\t\t<\/div>\n\t\t\t\t<\/div>\n\t\t<div class=\"elementor-element elementor-element-317e9d8 e-flex e-con-boxed e-con e-parent\" data-id=\"317e9d8\" data-element_type=\"container\" data-e-type=\"container\">\n\t\t\t\t\t<div class=\"e-con-inner\">\n\t\t\t\t<div class=\"elementor-element elementor-element-4d0bf23 elementor-widget elementor-widget-button\" data-id=\"4d0bf23\" data-element_type=\"widget\" data-e-type=\"widget\" data-widget_type=\"button.default\">\n\t\t\t\t<div class=\"elementor-widget-container\">\n\t\t\t\t\t\t\t\t\t<div class=\"elementor-button-wrapper\">\n\t\t\t\t\t<a class=\"elementor-button elementor-button-link elementor-size-sm\" href=\"https:\/\/www.vinaharo.com\/nosotros\/\">\n\t\t\t\t\t\t<span class=\"elementor-button-content-wrapper\">\n\t\t\t\t\t\t\t\t\t<span class=\"elementor-button-text\">M\u00e1s informaci\u00f3n<\/span>\n\t\t\t\t\t<\/span>\n\t\t\t\t\t<\/a>\n\t\t\t\t<\/div>\n\t\t\t\t\t\t\t\t<\/div>\n\t\t\t\t<\/div>\n\t\t\t\t\t<\/div>\n\t\t\t\t<\/div>\n\t\t\t\t\t<\/div>\n\t\t\t\t<\/div>\n\t\t<div class=\"elementor-element elementor-element-5bd26ae fc-container-col e-flex e-con-boxed e-con e-parent\" data-id=\"5bd26ae\" data-element_type=\"container\" data-e-type=\"container\">\n\t\t\t\t\t<div class=\"e-con-inner\">\n\t\t\t\t<div class=\"elementor-element elementor-element-9df9343 elementor-widget elementor-widget-image\" data-id=\"9df9343\" data-element_type=\"widget\" data-e-type=\"widget\" data-settings=\"{&quot;motion_fx_motion_fx_scrolling&quot;:&quot;yes&quot;,&quot;motion_fx_translateY_effect&quot;:&quot;yes&quot;,&quot;motion_fx_devices&quot;:[&quot;widescreen&quot;,&quot;desktop&quot;],&quot;motion_fx_translateY_speed&quot;:{&quot;unit&quot;:&quot;px&quot;,&quot;size&quot;:4,&quot;sizes&quot;:[]},&quot;motion_fx_translateY_affectedRange&quot;:{&quot;unit&quot;:&quot;%&quot;,&quot;size&quot;:&quot;&quot;,&quot;sizes&quot;:{&quot;start&quot;:0,&quot;end&quot;:100}}}\" data-widget_type=\"image.default\">\n\t\t\t\t<div class=\"elementor-widget-container\">\n\t\t\t\t\t\t\t\t\t\t\t\t\t\t\t<img fetchpriority=\"high\" decoding=\"async\" width=\"600\" height=\"750\" src=\"https:\/\/www.vinaharo.com\/wp-content\/uploads\/2023\/03\/vinaharo-inicio-empresa.jpg\" class=\"attachment-full size-full wp-image-1468\" alt=\"Detalle de mano revisando vinagres en l\u00ednea de producci\u00f3n\" srcset=\"https:\/\/www.vinaharo.com\/wp-content\/uploads\/2023\/03\/vinaharo-inicio-empresa.jpg 600w, https:\/\/www.vinaharo.com\/wp-content\/uploads\/2023\/03\/vinaharo-inicio-empresa-240x300.jpg 240w, https:\/\/www.vinaharo.com\/wp-content\/uploads\/2023\/03\/vinaharo-inicio-empresa-10x12.jpg 10w\" sizes=\"(max-width: 600px) 100vw, 600px\" \/>\t\t\t\t\t\t\t\t\t\t\t\t\t\t\t<\/div>\n\t\t\t\t<\/div>\n\t\t\t\t\t<\/div>\n\t\t\t\t<\/div>\n\t\t\t\t\t<\/div>\n\t\t\t\t<\/div>\n\t\t\t\t<\/div>\n\t\t<div class=\"elementor-element elementor-element-0e8e0b7 e-con-full fc-container-padding e-flex e-con e-parent\" data-id=\"0e8e0b7\" data-element_type=\"container\" data-e-type=\"container\" data-settings=\"{&quot;background_background&quot;:&quot;classic&quot;}\">\n\t\t<div class=\"elementor-element elementor-element-5163732 e-flex e-con-boxed e-con e-parent\" data-id=\"5163732\" data-element_type=\"container\" data-e-type=\"container\">\n\t\t\t\t\t<div class=\"e-con-inner\">\n\t\t<div class=\"elementor-element elementor-element-d53ba71 fc-container-col e-flex e-con-boxed e-con e-parent\" data-id=\"d53ba71\" data-element_type=\"container\" data-e-type=\"container\">\n\t\t\t\t\t<div class=\"e-con-inner\">\n\t\t\t\t<div class=\"elementor-element elementor-element-6ea5b3d elementor-widget elementor-widget-heading\" data-id=\"6ea5b3d\" data-element_type=\"widget\" data-e-type=\"widget\" data-widget_type=\"heading.default\">\n\t\t\t\t<div class=\"elementor-widget-container\">\n\t\t\t\t\t<div class=\"elementor-heading-title elementor-size-default\">Proceso de elaboraci\u00f3n<\/div>\t\t\t\t<\/div>\n\t\t\t\t<\/div>\n\t\t\t\t<div class=\"elementor-element elementor-element-3d6faf0 elementor-widget elementor-widget-heading\" data-id=\"3d6faf0\" data-element_type=\"widget\" data-e-type=\"widget\" data-widget_type=\"heading.default\">\n\t\t\t\t<div class=\"elementor-widget-container\">\n\t\t\t\t\t<h2 class=\"elementor-heading-title elementor-size-default\">El mejor vinagre nace de la mejor tierra de vinos<\/h2>\t\t\t\t<\/div>\n\t\t\t\t<\/div>\n\t\t\t\t<div class=\"elementor-element elementor-element-87b28fa elementor-widget elementor-widget-text-editor\" data-id=\"87b28fa\" data-element_type=\"widget\" data-e-type=\"widget\" data-widget_type=\"text-editor.default\">\n\t\t\t\t<div class=\"elementor-widget-container\">\n\t\t\t\t\t\t\t\t\t<p>Vinagres de nuestra tierra, Haro, capital del vino de Rioja, tierra de sabores donde se combina sabor, aroma y calidad.<\/p>\t\t\t\t\t\t\t\t<\/div>\n\t\t\t\t<\/div>\n\t\t<div class=\"elementor-element elementor-element-bca7ca0 e-flex e-con-boxed e-con e-parent\" data-id=\"bca7ca0\" data-element_type=\"container\" data-e-type=\"container\">\n\t\t\t\t\t<div class=\"e-con-inner\">\n\t\t\t\t<div class=\"elementor-element elementor-element-17f9839 elementor-widget__width-auto elementor-widget elementor-widget-button\" data-id=\"17f9839\" data-element_type=\"widget\" data-e-type=\"widget\" data-widget_type=\"button.default\">\n\t\t\t\t<div class=\"elementor-widget-container\">\n\t\t\t\t\t\t\t\t\t<div class=\"elementor-button-wrapper\">\n\t\t\t\t\t<a class=\"elementor-button elementor-button-link elementor-size-sm\" href=\"https:\/\/www.vinaharo.com\/nosotros\/\" target=\"_blank\">\n\t\t\t\t\t\t<span class=\"elementor-button-content-wrapper\">\n\t\t\t\t\t\t\t\t\t<span class=\"elementor-button-text\">M\u00e1s informaci\u00f3n<\/span>\n\t\t\t\t\t<\/span>\n\t\t\t\t\t<\/a>\n\t\t\t\t<\/div>\n\t\t\t\t\t\t\t\t<\/div>\n\t\t\t\t<\/div>\n\t\t\t\t\t<\/div>\n\t\t\t\t<\/div>\n\t\t\t\t\t<\/div>\n\t\t\t\t<\/div>\n\t\t<div class=\"elementor-element elementor-element-a776681 fc-container-col e-flex e-con-boxed e-con e-parent\" data-id=\"a776681\" data-element_type=\"container\" data-e-type=\"container\">\n\t\t\t\t\t<div class=\"e-con-inner\">\n\t\t\t\t<div class=\"elementor-element elementor-element-d9caf6b elementor-widget elementor-widget-image\" data-id=\"d9caf6b\" data-element_type=\"widget\" data-e-type=\"widget\" data-settings=\"{&quot;motion_fx_motion_fx_scrolling&quot;:&quot;yes&quot;,&quot;motion_fx_translateY_effect&quot;:&quot;yes&quot;,&quot;motion_fx_devices&quot;:[&quot;widescreen&quot;,&quot;desktop&quot;],&quot;motion_fx_translateY_speed&quot;:{&quot;unit&quot;:&quot;px&quot;,&quot;size&quot;:4,&quot;sizes&quot;:[]},&quot;motion_fx_translateY_affectedRange&quot;:{&quot;unit&quot;:&quot;%&quot;,&quot;size&quot;:&quot;&quot;,&quot;sizes&quot;:{&quot;start&quot;:0,&quot;end&quot;:100}}}\" data-widget_type=\"image.default\">\n\t\t\t\t<div class=\"elementor-widget-container\">\n\t\t\t\t\t\t\t\t\t\t\t\t\t\t\t<img decoding=\"async\" width=\"600\" height=\"750\" src=\"https:\/\/www.vinaharo.com\/wp-content\/uploads\/2023\/03\/vinaharo-inicio-proceso.jpg\" class=\"attachment-full size-full wp-image-1467\" alt=\"Sarmientos de vi\u00f1as de Rioja\" srcset=\"https:\/\/www.vinaharo.com\/wp-content\/uploads\/2023\/03\/vinaharo-inicio-proceso.jpg 600w, https:\/\/www.vinaharo.com\/wp-content\/uploads\/2023\/03\/vinaharo-inicio-proceso-240x300.jpg 240w, https:\/\/www.vinaharo.com\/wp-content\/uploads\/2023\/03\/vinaharo-inicio-proceso-10x12.jpg 10w\" sizes=\"(max-width: 600px) 100vw, 600px\" \/>\t\t\t\t\t\t\t\t\t\t\t\t\t\t\t<\/div>\n\t\t\t\t<\/div>\n\t\t\t\t\t<\/div>\n\t\t\t\t<\/div>\n\t\t\t\t\t<\/div>\n\t\t\t\t<\/div>\n\t\t\t\t<\/div>\n\t\t<div class=\"elementor-element elementor-element-f590c0a e-con-full e-flex e-con e-parent\" data-id=\"f590c0a\" data-element_type=\"container\" data-e-type=\"container\" data-settings=\"{&quot;background_background&quot;:&quot;classic&quot;}\">\n\t\t<div class=\"elementor-element elementor-element-4fe4e12 e-con-full fc-container-equal e-flex elementor-invisible e-con e-parent\" data-id=\"4fe4e12\" data-element_type=\"container\" data-e-type=\"container\" data-settings=\"{&quot;animation&quot;:&quot;fadeIn&quot;,&quot;animation_delay&quot;:800}\">\n\t\t\t\t<div class=\"elementor-element elementor-element-f5d65ad elementor-align-center fc-boton-filled elementor-widget elementor-widget-button\" data-id=\"f5d65ad\" data-element_type=\"widget\" data-e-type=\"widget\" data-widget_type=\"button.default\">\n\t\t\t\t<div class=\"elementor-widget-container\">\n\t\t\t\t\t\t\t\t\t<div class=\"elementor-button-wrapper\">\n\t\t\t\t\t<a class=\"elementor-button elementor-button-link elementor-size-md\" href=\"https:\/\/tienda.vinaharo.com\/\" target=\"_blank\" rel=\"noopener\">\n\t\t\t\t\t\t<span class=\"elementor-button-content-wrapper\">\n\t\t\t\t\t\t\t\t\t<span class=\"elementor-button-text\">Comprar online<\/span>\n\t\t\t\t\t<\/span>\n\t\t\t\t\t<\/a>\n\t\t\t\t<\/div>\n\t\t\t\t\t\t\t\t<\/div>\n\t\t\t\t<\/div>\n\t\t\t\t<\/div>\n\t\t\t\t<\/div>\n\t\t<div class=\"elementor-element elementor-element-a1022e8 e-flex e-con-boxed e-con e-parent\" data-id=\"a1022e8\" data-element_type=\"container\" data-e-type=\"container\" data-settings=\"{&quot;background_background&quot;:&quot;classic&quot;}\">\n\t\t\t\t\t<div class=\"e-con-inner\">\n\t\t<div class=\"elementor-element elementor-element-a5f5291 e-con-full fc-container-equal e-flex e-con e-parent\" data-id=\"a5f5291\" data-element_type=\"container\" data-e-type=\"container\">\n\t\t\t\t<div class=\"elementor-element elementor-element-46927b9 elementor-widget elementor-widget-heading\" data-id=\"46927b9\" data-element_type=\"widget\" data-e-type=\"widget\" data-widget_type=\"heading.default\">\n\t\t\t\t<div class=\"elementor-widget-container\">\n\t\t\t\t\t<h2 class=\"elementor-heading-title elementor-size-default\">Nuestros productos<\/h2>\t\t\t\t<\/div>\n\t\t\t\t<\/div>\n\t\t\t\t<div class=\"elementor-element elementor-element-507be07 elementor-widget elementor-widget-jet-listing-grid\" data-id=\"507be07\" data-element_type=\"widget\" data-e-type=\"widget\" data-settings=\"{&quot;columns&quot;:&quot;3&quot;,&quot;columns_tablet&quot;:&quot;1&quot;}\" data-widget_type=\"jet-listing-grid.default\">\n\t\t\t\t<div class=\"elementor-widget-container\">\n\t\t\t\t\t<div class=\"jet-listing-grid jet-listing\"><div class=\"jet-listing-grid__items grid-col-desk-3 grid-col-tablet-1 grid-col-mobile-1 jet-listing-grid--894 jet-equal-columns__wrapper\" data-queried-id=\"42|WP_Post\" data-nav=\"{&quot;enabled&quot;:false,&quot;type&quot;:null,&quot;more_el&quot;:null,&quot;query&quot;:[],&quot;widget_settings&quot;:{&quot;lisitng_id&quot;:894,&quot;posts_num&quot;:12,&quot;columns&quot;:3,&quot;columns_tablet&quot;:1,&quot;columns_mobile&quot;:1,&quot;column_min_width&quot;:240,&quot;column_min_width_tablet&quot;:240,&quot;column_min_width_mobile&quot;:240,&quot;inline_columns_css&quot;:false,&quot;is_archive_template&quot;:&quot;&quot;,&quot;post_status&quot;:[&quot;publish&quot;],&quot;use_random_posts_num&quot;:&quot;&quot;,&quot;max_posts_num&quot;:9,&quot;not_found_message&quot;:&quot;No data was found&quot;,&quot;is_masonry&quot;:false,&quot;equal_columns_height&quot;:&quot;yes&quot;,&quot;use_load_more&quot;:&quot;&quot;,&quot;load_more_id&quot;:&quot;&quot;,&quot;load_more_type&quot;:&quot;click&quot;,&quot;load_more_offset&quot;:{&quot;unit&quot;:&quot;px&quot;,&quot;size&quot;:0,&quot;sizes&quot;:[]},&quot;use_custom_post_types&quot;:&quot;&quot;,&quot;custom_post_types&quot;:[],&quot;hide_widget_if&quot;:&quot;&quot;,&quot;carousel_enabled&quot;:&quot;&quot;,&quot;slides_to_scroll&quot;:&quot;1&quot;,&quot;arrows&quot;:&quot;true&quot;,&quot;arrow_icon&quot;:&quot;fa fa-angle-left&quot;,&quot;dots&quot;:&quot;&quot;,&quot;autoplay&quot;:&quot;true&quot;,&quot;pause_on_hover&quot;:&quot;true&quot;,&quot;autoplay_speed&quot;:5000,&quot;infinite&quot;:&quot;true&quot;,&quot;center_mode&quot;:&quot;&quot;,&quot;effect&quot;:&quot;slide&quot;,&quot;speed&quot;:500,&quot;inject_alternative_items&quot;:&quot;yes&quot;,&quot;injection_items&quot;:[{&quot;_id&quot;:&quot;58b7597&quot;,&quot;item&quot;:&quot;1106&quot;}],&quot;scroll_slider_enabled&quot;:&quot;&quot;,&quot;scroll_slider_on&quot;:[&quot;desktop&quot;,&quot;tablet&quot;,&quot;mobile&quot;],&quot;custom_query&quot;:false,&quot;custom_query_id&quot;:&quot;&quot;,&quot;_element_id&quot;:&quot;&quot;,&quot;collapse_first_last_gap&quot;:false,&quot;list_tag_selection&quot;:&quot;&quot;,&quot;list_items_wrapper_tag&quot;:&quot;div&quot;,&quot;list_item_tag&quot;:&quot;div&quot;,&quot;empty_items_wrapper_tag&quot;:&quot;div&quot;}}\" data-page=\"1\" data-pages=\"1\" data-listing-source=\"terms\" data-listing-id=\"894\" data-query-id=\"\"><div class=\"jet-listing-grid__item jet-listing-dynamic-post-17 jet-equal-columns\" data-post-id=\"17\"  >\t\t<div data-elementor-type=\"jet-listing-items\" data-elementor-id=\"894\" class=\"elementor elementor-894\" data-elementor-post-type=\"jet-engine\">\n\t\t\t\t<a class=\"elementor-element elementor-element-b60512f e-flex e-con-boxed e-con e-parent\" data-id=\"b60512f\" data-element_type=\"container\" data-e-type=\"container\" href=\"https:\/\/www.vinaharo.com\/en\/productos\/familia\/vinagres-de-vino-especiales\/\">\n\t\t\t\t\t<div class=\"e-con-inner\">\n\t\t\t\t<div class=\"elementor-element elementor-element-f033fca elementor-widget elementor-widget-image\" data-id=\"f033fca\" data-element_type=\"widget\" data-e-type=\"widget\" data-widget_type=\"image.default\">\n\t\t\t\t<div class=\"elementor-widget-container\">\n\t\t\t\t\t\t\t\t\t\t\t\t\t\t\t<img decoding=\"async\" width=\"800\" height=\"800\" src=\"https:\/\/www.vinaharo.com\/wp-content\/uploads\/2023\/03\/vinaharo-familia-vinagres-de-vino-especiales.png\" class=\"attachment-full size-full wp-image-1490\" alt=\"Familia de vinagres de vino especiales\" srcset=\"https:\/\/www.vinaharo.com\/wp-content\/uploads\/2023\/03\/vinaharo-familia-vinagres-de-vino-especiales.png 800w, https:\/\/www.vinaharo.com\/wp-content\/uploads\/2023\/03\/vinaharo-familia-vinagres-de-vino-especiales-300x300.png 300w, https:\/\/www.vinaharo.com\/wp-content\/uploads\/2023\/03\/vinaharo-familia-vinagres-de-vino-especiales-150x150.png 150w, https:\/\/www.vinaharo.com\/wp-content\/uploads\/2023\/03\/vinaharo-familia-vinagres-de-vino-especiales-768x768.png 768w, https:\/\/www.vinaharo.com\/wp-content\/uploads\/2023\/03\/vinaharo-familia-vinagres-de-vino-especiales-12x12.png 12w\" sizes=\"(max-width: 800px) 100vw, 800px\" \/>\t\t\t\t\t\t\t\t\t\t\t\t\t\t\t<\/div>\n\t\t\t\t<\/div>\n\t\t<div class=\"elementor-element elementor-element-da9a0b9 e-flex e-con-boxed e-con e-parent\" data-id=\"da9a0b9\" data-element_type=\"container\" data-e-type=\"container\">\n\t\t\t\t\t<div class=\"e-con-inner\">\n\t\t\t\t<div class=\"elementor-element elementor-element-c278f7b elementor-widget elementor-widget-heading\" data-id=\"c278f7b\" data-element_type=\"widget\" data-e-type=\"widget\" data-widget_type=\"heading.default\">\n\t\t\t\t<div class=\"elementor-widget-container\">\n\t\t\t\t\t<h3 class=\"elementor-heading-title elementor-size-default\">Vinagres de vino especiales<\/h3>\t\t\t\t<\/div>\n\t\t\t\t<\/div>\n\t\t\t\t\t<\/div>\n\t\t\t\t<\/div>\n\t\t\t\t\t<\/div>\n\t\t\t\t<\/a>\n\t\t\t\t<\/div>\n\t\t<\/div><div class=\"jet-listing-grid__item jet-listing-dynamic-post-18 jet-equal-columns\" data-post-id=\"18\"  >\t\t<div data-elementor-type=\"jet-listing-items\" data-elementor-id=\"894\" class=\"elementor elementor-894\" data-elementor-post-type=\"jet-engine\">\n\t\t\t\t<a class=\"elementor-element elementor-element-b60512f e-flex e-con-boxed e-con e-parent\" data-id=\"b60512f\" data-element_type=\"container\" data-e-type=\"container\" href=\"https:\/\/www.vinaharo.com\/en\/productos\/familia\/vinagres-genericos\/\">\n\t\t\t\t\t<div class=\"e-con-inner\">\n\t\t\t\t<div class=\"elementor-element elementor-element-f033fca elementor-widget elementor-widget-image\" data-id=\"f033fca\" data-element_type=\"widget\" data-e-type=\"widget\" data-widget_type=\"image.default\">\n\t\t\t\t<div class=\"elementor-widget-container\">\n\t\t\t\t\t\t\t\t\t\t\t\t\t\t\t<img loading=\"lazy\" decoding=\"async\" width=\"800\" height=\"800\" src=\"https:\/\/www.vinaharo.com\/wp-content\/uploads\/2023\/03\/vinaharo-familia-vinagres-genericos.png\" class=\"attachment-full size-full wp-image-1491\" alt=\"Familia de vinagres gen\u00e9ricos\" srcset=\"https:\/\/www.vinaharo.com\/wp-content\/uploads\/2023\/03\/vinaharo-familia-vinagres-genericos.png 800w, https:\/\/www.vinaharo.com\/wp-content\/uploads\/2023\/03\/vinaharo-familia-vinagres-genericos-300x300.png 300w, https:\/\/www.vinaharo.com\/wp-content\/uploads\/2023\/03\/vinaharo-familia-vinagres-genericos-150x150.png 150w, https:\/\/www.vinaharo.com\/wp-content\/uploads\/2023\/03\/vinaharo-familia-vinagres-genericos-768x768.png 768w, https:\/\/www.vinaharo.com\/wp-content\/uploads\/2023\/03\/vinaharo-familia-vinagres-genericos-12x12.png 12w\" sizes=\"(max-width: 800px) 100vw, 800px\" \/>\t\t\t\t\t\t\t\t\t\t\t\t\t\t\t<\/div>\n\t\t\t\t<\/div>\n\t\t<div class=\"elementor-element elementor-element-da9a0b9 e-flex e-con-boxed e-con e-parent\" data-id=\"da9a0b9\" data-element_type=\"container\" data-e-type=\"container\">\n\t\t\t\t\t<div class=\"e-con-inner\">\n\t\t\t\t<div class=\"elementor-element elementor-element-c278f7b elementor-widget elementor-widget-heading\" data-id=\"c278f7b\" data-element_type=\"widget\" data-e-type=\"widget\" data-widget_type=\"heading.default\">\n\t\t\t\t<div class=\"elementor-widget-container\">\n\t\t\t\t\t<h3 class=\"elementor-heading-title elementor-size-default\">Vinagres gen\u00e9ricos<\/h3>\t\t\t\t<\/div>\n\t\t\t\t<\/div>\n\t\t\t\t\t<\/div>\n\t\t\t\t<\/div>\n\t\t\t\t\t<\/div>\n\t\t\t\t<\/a>\n\t\t\t\t<\/div>\n\t\t<\/div><div class=\"jet-listing-grid__item jet-listing-dynamic-post-19 jet-equal-columns\" data-post-id=\"19\"  >\t\t<div data-elementor-type=\"jet-listing-items\" data-elementor-id=\"894\" class=\"elementor elementor-894\" data-elementor-post-type=\"jet-engine\">\n\t\t\t\t<a class=\"elementor-element elementor-element-b60512f e-flex e-con-boxed e-con e-parent\" data-id=\"b60512f\" data-element_type=\"container\" data-e-type=\"container\" href=\"https:\/\/www.vinaharo.com\/en\/productos\/familia\/aceites-gourmet\/\">\n\t\t\t\t\t<div class=\"e-con-inner\">\n\t\t\t\t<div class=\"elementor-element elementor-element-f033fca elementor-widget elementor-widget-image\" data-id=\"f033fca\" data-element_type=\"widget\" data-e-type=\"widget\" data-widget_type=\"image.default\">\n\t\t\t\t<div class=\"elementor-widget-container\">\n\t\t\t\t\t\t\t\t\t\t\t\t\t\t\t<img loading=\"lazy\" decoding=\"async\" width=\"800\" height=\"800\" src=\"https:\/\/www.vinaharo.com\/wp-content\/uploads\/2023\/03\/vinaharo-familia-aceites-gourmet.png\" class=\"attachment-full size-full wp-image-1492\" alt=\"Familia de aceites gourmet\" srcset=\"https:\/\/www.vinaharo.com\/wp-content\/uploads\/2023\/03\/vinaharo-familia-aceites-gourmet.png 800w, https:\/\/www.vinaharo.com\/wp-content\/uploads\/2023\/03\/vinaharo-familia-aceites-gourmet-300x300.png 300w, https:\/\/www.vinaharo.com\/wp-content\/uploads\/2023\/03\/vinaharo-familia-aceites-gourmet-150x150.png 150w, https:\/\/www.vinaharo.com\/wp-content\/uploads\/2023\/03\/vinaharo-familia-aceites-gourmet-768x768.png 768w, https:\/\/www.vinaharo.com\/wp-content\/uploads\/2023\/03\/vinaharo-familia-aceites-gourmet-12x12.png 12w\" sizes=\"(max-width: 800px) 100vw, 800px\" \/>\t\t\t\t\t\t\t\t\t\t\t\t\t\t\t<\/div>\n\t\t\t\t<\/div>\n\t\t<div class=\"elementor-element elementor-element-da9a0b9 e-flex e-con-boxed e-con e-parent\" data-id=\"da9a0b9\" data-element_type=\"container\" data-e-type=\"container\">\n\t\t\t\t\t<div class=\"e-con-inner\">\n\t\t\t\t<div class=\"elementor-element elementor-element-c278f7b elementor-widget elementor-widget-heading\" data-id=\"c278f7b\" data-element_type=\"widget\" data-e-type=\"widget\" data-widget_type=\"heading.default\">\n\t\t\t\t<div class=\"elementor-widget-container\">\n\t\t\t\t\t<h3 class=\"elementor-heading-title elementor-size-default\">Aceites Gourmet<\/h3>\t\t\t\t<\/div>\n\t\t\t\t<\/div>\n\t\t\t\t\t<\/div>\n\t\t\t\t<\/div>\n\t\t\t\t\t<\/div>\n\t\t\t\t<\/a>\n\t\t\t\t<\/div>\n\t\t<\/div><\/div><\/div>\t\t\t\t<\/div>\n\t\t\t\t<\/div>\n\t\t\t\t<\/div>\n\t\t\t\t\t<\/div>\n\t\t\t\t<\/div>\n\t\t\t\t<\/div>\n\t\t","protected":false},"excerpt":{"rendered":"<p>Vinagrer\u00edas de Haro \u201cElegir un Vinagre Artesano, es Arte y es Sano\u201d Ver productos Certificaci\u00f3n ISO, garant\u00eda de calidad El vinagre, pasi\u00f3n de generaciones El saber hacer heredado generaci\u00f3n tras generaci\u00f3n en Vinagrer\u00edas de Haro y nuestra gran dedicaci\u00f3n nos\u00a0 ha llevado a ser la empresa l\u00edder en la elaboraci\u00f3n de vinagres de vino de [&hellip;]<\/p>\n","protected":false},"author":1,"featured_media":1365,"parent":0,"menu_order":2,"comment_status":"closed","ping_status":"closed","template":"","meta":{"_acf_changed":false,"footnotes":""},"class_list":["post-42","page","type-page","status-publish","has-post-thumbnail","hentry"],"acf":[],"_links":{"self":[{"href":"https:\/\/www.vinaharo.com\/en\/wp-json\/wp\/v2\/pages\/42","targetHints":{"allow":["GET"]}}],"collection":[{"href":"https:\/\/www.vinaharo.com\/en\/wp-json\/wp\/v2\/pages"}],"about":[{"href":"https:\/\/www.vinaharo.com\/en\/wp-json\/wp\/v2\/types\/page"}],"author":[{"embeddable":true,"href":"https:\/\/www.vinaharo.com\/en\/wp-json\/wp\/v2\/users\/1"}],"replies":[{"embeddable":true,"href":"https:\/\/www.vinaharo.com\/en\/wp-json\/wp\/v2\/comments?post=42"}],"version-history":[{"count":117,"href":"https:\/\/www.vinaharo.com\/en\/wp-json\/wp\/v2\/pages\/42\/revisions"}],"predecessor-version":[{"id":1880,"href":"https:\/\/www.vinaharo.com\/en\/wp-json\/wp\/v2\/pages\/42\/revisions\/1880"}],"wp:featuredmedia":[{"embeddable":true,"href":"https:\/\/www.vinaharo.com\/en\/wp-json\/wp\/v2\/media\/1365"}],"wp:attachment":[{"href":"https:\/\/www.vinaharo.com\/en\/wp-json\/wp\/v2\/media?parent=42"}],"curies":[{"name":"wp","href":"https:\/\/api.w.org\/{rel}","templated":true}]}}